{"id":101,"date":"2026-02-20T14:29:49","date_gmt":"2026-02-20T14:29:49","guid":{"rendered":"https:\/\/fltuwienweb.floeweb.eu\/?page_id=101"},"modified":"2026-04-07T17:22:08","modified_gmt":"2026-04-07T16:22:08","slug":"antragswerkstatt","status":"publish","type":"page","link":"https:\/\/fltuwien.at\/en\/antragswerkstatt\/","title":{"rendered":"Proposal Workshop"},"content":{"rendered":"<p>Bei unseren regelm\u00e4\u00dfig stattfindeten Workshops erarbeiten wir Projekte, f\u00fcr die wir uns einsetzen wollen. Die Treffen sind f\u00fcr alle Studierenden offen! Sie sind so konzipiert, dass keine Vorerfahrung in der Unipolitik notwendig ist, um mitzumachen!<\/p>\n\n\n\n<p>A proposal workshop has the following procedure:<\/p>\n\n\n\n<ol class=\"wp-block-list\">\n<li><strong>Introduction:<\/strong> We explain the procedure and introduce the main topics of the workshop<\/li>\n\n\n\n<li><strong>Brainstorming:<\/strong> This involves collecting thoughts on various topics at several tables in parallel and putting them down on paper. During this process, you can change tables at any time to contribute to different topics<\/li>\n\n\n\n<li><strong>Presentation of the tables:<\/strong> The whole group goes from table to table and discusses the ideas. Discussion is possible and new ideas can also be introduced.<\/li>\n\n\n\n<li><strong>Development of proposals:<\/strong> Based on the results of the brainstorming session, proposals are now developed. These can either introduce a project or persuade the HTU to stand up for something against the university or politicians.<\/li>\n\n\n\n<li><strong>Presentation of the motions:<\/strong> The motions are presented to the group and any ambiguities are clarified.<\/li>\n<\/ol>\n\n\n\n<p>Du hast ein Thema f\u00fcr das du brennst? Komm vorbei und setze dich daf\u00fcr ein!<\/p>\n\n\n\n<h2 class=\"wp-block-heading\" id=\"termine\">Dates<\/h2>\n\n\n\n<ul class=\"wp-block-list\">\n<li><strong>14.10.2025:<\/strong> Sustainable mobility, critical social policy<\/li>\n\n\n\n<li><strong>10.11.2025:<\/strong> Sustainability, Artificial Intelligence<\/li>\n\n\n\n<li><strong>23.03.2026:<\/strong> Mentale Gesundheit, Gleichberechtigung, Wildcard*<\/li>\n<\/ul>\n\n\n\n<p><em>*Wildcard: Bring in any topic you like!<\/em><\/p>\n\n\n\n<h2 class=\"wp-block-heading\">Beschlossene Antr\u00e4ge aus der Antragswerkstatt<\/h2>\n\n\n<div class=\"wp-block-downloadlist-list\"><ul class=\"downloadlist-list wp-block-downloadlist-list iconset-fontawesome\">\n<li class=\"attachment-195 file_application file_pdf\"><a href=\"https:\/\/fltuwien.at\/wp-content\/uploads\/2026\/04\/2025.10-Fahrrad-Check-Ups.pdf\" rel=\"nofollow\"\ttarget=\"_blank\">2025.10 Fahrrad Check-Ups<\/a><\/li>\n<li class=\"attachment-194 file_application file_pdf\"><a href=\"https:\/\/fltuwien.at\/wp-content\/uploads\/2026\/04\/2025.10-Referat-fur-kritische-Gesellschaftspolitik.pdf\" rel=\"nofollow\"\ttarget=\"_blank\">2025.10 Referat f\u00fcr kritische Gesellschaftspolitik<\/a><\/li>\n<li class=\"attachment-193 file_application file_pdf\"><a href=\"https:\/\/fltuwien.at\/wp-content\/uploads\/2026\/04\/2025.10-Reparatur-Cafe.pdf\" rel=\"nofollow\"\ttarget=\"_blank\">2025.10 Reparatur-Cafe<\/a><\/li>\n<li class=\"attachment-196 file_application file_pdf\"><a href=\"https:\/\/fltuwien.at\/wp-content\/uploads\/2026\/04\/2025.10-Reparatur-Fardertopf.pdf\" rel=\"nofollow\"\ttarget=\"_blank\">2025.10 Reparatur-F\u00f6rdertopf<\/a><\/li>\n<li class=\"attachment-207 file_application file_pdf\"><a href=\"https:\/\/fltuwien.at\/wp-content\/uploads\/2026\/04\/2025.11-KI-Strategie.pdf\" rel=\"nofollow\"\ttarget=\"_blank\">2025.12 KI-Strategie<\/a><\/li>\n<li class=\"attachment-208 file_application file_pdf\"><a href=\"https:\/\/fltuwien.at\/wp-content\/uploads\/2026\/04\/2025.11-Nachhaltigkeitswoche-1.pdf\" rel=\"nofollow\"\ttarget=\"_blank\">2025.12 Nachhaltigkeitswoche<\/a><\/li>\n<li class=\"attachment-209 file_application file_pdf\"><a href=\"https:\/\/fltuwien.at\/wp-content\/uploads\/2026\/04\/2025.11-Ubertragbares-Klimaticket-1.pdf\" rel=\"nofollow\"\ttarget=\"_blank\">2025.12 \u00dcbertragbares Klimaticket<\/a><\/li>\n<li class=\"attachment-211 file_application file_pdf\"><a href=\"https:\/\/fltuwien.at\/wp-content\/uploads\/2026\/04\/2026.03-HTU-Fahrrader.pdf\" rel=\"nofollow\"\ttarget=\"_blank\">2026.03 (H)TU-Fahrr\u00e4der<\/a><\/li>\n<\/ul><\/div>\n\n\n\n<p><\/p>","protected":false},"excerpt":{"rendered":"<p>Bei unseren regelm\u00e4\u00dfig stattfindeten Workshops erarbeiten wir Projekte, f\u00fcr die wir uns einsetzen wollen. Die Treffen sind f\u00fcr alle Studierenden offen! Sie sind so konzipiert, dass keine Vorerfahrung in der Unipolitik notwendig ist, um mitzumachen! Eine Antragswerkstatt hat den folgenden Ablauf: Du hast ein Thema f\u00fcr das du brennst? Komm vorbei und setze dich daf\u00fcr [&hellip;]<\/p>\n","protected":false},"author":1,"featured_media":0,"parent":0,"menu_order":0,"comment_status":"closed","ping_status":"closed","template":"","meta":{"iawp_total_views":19,"footnotes":""},"class_list":["post-101","page","type-page","status-publish","hentry"],"_links":{"self":[{"href":"https:\/\/fltuwien.at\/en\/wp-json\/wp\/v2\/pages\/101","targetHints":{"allow":["GET"]}}],"collection":[{"href":"https:\/\/fltuwien.at\/en\/wp-json\/wp\/v2\/pages"}],"about":[{"href":"https:\/\/fltuwien.at\/en\/wp-json\/wp\/v2\/types\/page"}],"author":[{"embeddable":true,"href":"https:\/\/fltuwien.at\/en\/wp-json\/wp\/v2\/users\/1"}],"replies":[{"embeddable":true,"href":"https:\/\/fltuwien.at\/en\/wp-json\/wp\/v2\/comments?post=101"}],"version-history":[{"count":9,"href":"https:\/\/fltuwien.at\/en\/wp-json\/wp\/v2\/pages\/101\/revisions"}],"predecessor-version":[{"id":217,"href":"https:\/\/fltuwien.at\/en\/wp-json\/wp\/v2\/pages\/101\/revisions\/217"}],"wp:attachment":[{"href":"https:\/\/fltuwien.at\/en\/wp-json\/wp\/v2\/media?parent=101"}],"curies":[{"name":"wp","href":"https:\/\/api.w.org\/{rel}","templated":true}]}}