{"id":105,"date":"2026-02-20T14:33:25","date_gmt":"2026-02-20T14:33:25","guid":{"rendered":"https:\/\/fltuwienweb.floeweb.eu\/?page_id=105"},"modified":"2026-02-23T14:52:15","modified_gmt":"2026-02-23T13:52:15","slug":"kontakt","status":"publish","type":"page","link":"https:\/\/fltuwien.at\/en\/kontakt\/","title":{"rendered":"Contact"},"content":{"rendered":"\n<p>Hast du Fragen zu unseren <a href=\"https:\/\/fltuwien.at\/grundsaetze\">Grunds\u00e4tzen<\/a> oder unserer Arbeit? M\u00f6chtest du einmal mit jemanden von uns bei einem Kaffee \u00fcber Unipolitik plaudern? Oder hast du ein anderes Anliegen?<\/p>\n\n\n\n<p>Dann kontaktiere uns mit dem Formular auf dieser Seite oder schreib uns unter <a href=\"mailto:kontakt@fltuwien.at\">kontakt@fltuwien.at<\/a><\/p>\n\n\n<div class='fluentform ff-default fluentform_wrapper_4  ff_guten_block ff_guten_block-4 ffs_default_wrap'><form data-form_id=\"4\" id=\"fluentform_4\" class=\"frm-fluent-form fluent_form_4 ff-el-form-top ff_form_instance_4_1 ff-form-loading ffs_default\" data-form_instance=\"ff_form_instance_4_1\" method=\"POST\" ><fieldset  style=\"border: none!important;margin: 0!important;padding: 0!important;background-color: transparent!important;box-shadow: none!important;outline: none!important; min-inline-size: 100%;\">\n                    <legend class=\"ff_screen_reader_title\" style=\"display: block; margin: 0!important;padding: 0!important;height: 0!important;text-indent: -999999px;width: 0!important;overflow:hidden;\">Kontaktformular<\/legend>        <div\n                style=\"display: none!important; position: absolute!important; transform: translateX(1000%)!important;\"\n                class=\"ff-el-group ff-hpsf-container\"\n        >\n            <div class=\"ff-el-input--label asterisk-right\">\n                <label for=\"ff_4_item_sf\" aria-label=\"Newsletter\">\n                    Newsletter                <\/label>\n            <\/div>\n            <div class=\"ff-el-input--content\">\n                <input type=\"text\"\n                       name=\"item_4__fluent_sf\"\n                       class=\"ff-el-form-control\"\n                       id=\"ff_4_item_sf\"\n                \/>\n            <\/div>\n        <\/div>\n                <input type=\"hidden\" id=\"__fluent_protection_token_4\" class=\"fluent-form-token-field\" name=\"__fluent_protection_token_4\">\n        <input type='hidden' name='__fluent_form_embded_post_id' value='105' \/><input type=\"hidden\" id=\"_fluentform_4_fluentformnonce\" name=\"_fluentform_4_fluentformnonce\" value=\"77bf01e4a0\" \/><input type=\"hidden\" name=\"_wp_http_referer\" value=\"\/en\/wp-json\/wp\/v2\/pages\/105\" \/><div data-name=\"ff_cn_id_1\"  class='ff-t-container ff-column-container ff_columns_total_2 '><div class='ff-t-cell ff-t-column-1' style='flex-basis: 50%;'><div class='ff-el-group'><div class=\"ff-el-input--label asterisk-right\"><label for='ff_4_input_text' id='label_ff_4_input_text' aria-label=\"Name\">Name<\/label><\/div><div class='ff-el-input--content'><input type=\"text\" name=\"input_text\" class=\"ff-el-form-control\" placeholder=\"Optional\" data-name=\"input_text\" id=\"ff_4_input_text\"  aria-invalid=\"false\" aria-required=false><\/div><\/div><\/div><div class='ff-t-cell ff-t-column-2' style='flex-basis: 50%;'><div class='ff-el-group'><div class=\"ff-el-input--label asterisk-right\"><label for='ff_4_input_text_1' id='label_ff_4_input_text_1' aria-label=\"Studienrichtung\">Studienrichtung<\/label><\/div><div class='ff-el-input--content'><input type=\"text\" name=\"input_text_1\" class=\"ff-el-form-control\" placeholder=\"Optional\" data-name=\"input_text_1\" id=\"ff_4_input_text_1\"  aria-invalid=\"false\" aria-required=false><\/div><\/div><\/div><\/div><div class='ff-el-group'><div class=\"ff-el-input--label ff-el-is-required asterisk-right\"><label for='ff_4_description' id='label_ff_4_description' aria-label=\"Nachricht\">Nachricht<\/label><\/div><div class='ff-el-input--content'><textarea aria-required=\"true\" aria-labelledby=\"label_ff_4_description\" name=\"description\" id=\"ff_4_description\" class=\"ff-el-form-control\" rows=\"12\" cols=\"2\" data-name=\"description\" ><\/textarea><\/div><\/div><div class='ff-el-group ff-el-form-hide_label'><div class=\"ff-el-input--label asterisk-right\"><label   aria-label=\"Checkbox R\u00fcckmeldung\">Checkbox R\u00fcckmeldung<\/label><\/div><div class='ff-el-input--content'><div class='ff-el-form-check ff-el-form-check-'><label class='ff-el-form-check-label' for='checkbox_3e04a4b1db5b60e903545d5970f96392'><input  type=\"checkbox\" name=\"checkbox[]\" data-name=\"checkbox\" class=\"ff-el-form-check-input ff-el-form-check-checkbox\" value=\"Ich m\u00f6chte eine R\u00fcckmeldung an meine Email-Adresse bekommen\"  id='checkbox_3e04a4b1db5b60e903545d5970f96392' aria-label='Ich m\u00f6chte eine R\u00fcckmeldung an meine Email-Adresse bekommen' aria-invalid='false' aria-required=false> <span>Ich m\u00f6chte eine R\u00fcckmeldung an meine Email-Adresse bekommen<\/span><\/label><\/div><\/div><\/div><div class='ff-el-group has-conditions'><div class=\"ff-el-input--label ff-el-is-required asterisk-right\"><label for='ff_4_email' id='label_ff_4_email' aria-label=\"Email\">Email<\/label><\/div><div class='ff-el-input--content'><input type=\"email\" name=\"email\" id=\"ff_4_email\" class=\"ff-el-form-control\" placeholder=\"Optional\" data-name=\"email\"  aria-invalid=\"false\" aria-required=true><\/div><\/div><div class='ff-el-group ff-text-left ff_submit_btn_wrapper'><button type=\"submit\" class=\"ff-btn ff-btn-submit ff-btn-md ff_btn_style\"  aria-label=\"Abschicken\">Abschicken<\/button><\/div><\/fieldset><\/form><div id='fluentform_4_errors' class='ff-errors-in-stack ff_form_instance_4_1 ff-form-loading_errors ff_form_instance_4_1_errors'><\/div><\/div>            <script type=\"text\/javascript\">\n                window.fluent_form_ff_form_instance_4_1 = {\"id\":\"4\",\"settings\":{\"layout\":{\"labelPlacement\":\"top\",\"asteriskPlacement\":\"asterisk-right\",\"helpMessagePlacement\":\"with_label\",\"errorMessagePlacement\":\"inline\",\"cssClassName\":\"\"},\"restrictions\":{\"denyEmptySubmission\":{\"enabled\":false}}},\"form_instance\":\"ff_form_instance_4_1\",\"form_id_selector\":\"fluentform_4\",\"rules\":{\"input_text\":{\"required\":{\"value\":false,\"message\":\"This field is required\",\"global_message\":\"This field is required\",\"global\":true}},\"input_text_1\":{\"required\":{\"value\":false,\"message\":\"This field is required\",\"global_message\":\"This field is required\",\"global\":true}},\"description\":{\"required\":{\"value\":true,\"message\":\"This field is required\",\"global_message\":\"This field is required\",\"global\":true}},\"checkbox\":{\"required\":{\"value\":false,\"message\":\"This field is required\",\"global_message\":\"This field is required\",\"global\":true}},\"email\":{\"required\":{\"value\":true,\"message\":\"This field is required\",\"global_message\":\"This field is required\",\"global\":true},\"email\":{\"value\":true,\"message\":\"This field must contain a valid email\",\"global_message\":\"This field must contain a valid email\",\"global\":true}}},\"debounce_time\":300,\"conditionals\":{\"email\":{\"type\":\"any\",\"status\":true,\"conditions\":[{\"field\":\"checkbox\",\"value\":\"Ich m\\u00f6chte eine R\\u00fcckmeldung an meine Email-Adresse bekommen\",\"operator\":\"=\"}],\"condition_groups\":[{\"rules\":[{\"field\":\"\",\"value\":\"\",\"operator\":\"\"}],\"title\":\"\",\"isEditingTitle\":false,\"isPreviewOpen\":false,\"isGroupOpen\":true}]}}};\n                            <\/script>\n            ","protected":false},"excerpt":{"rendered":"<p>Hast du Fragen zu unseren Grunds\u00e4tzen oder unserer Arbeit? M\u00f6chtest du einmal mit jemanden von uns bei einem Kaffee \u00fcber Unipolitik plaudern? Oder hast du ein anderes Anliegen? Dann kontaktiere uns mit dem Formular auf dieser Seite oder schreib uns unter kontakt@fltuwien.at<\/p>","protected":false},"author":1,"featured_media":0,"parent":0,"menu_order":0,"comment_status":"closed","ping_status":"closed","template":"","meta":{"iawp_total_views":23,"footnotes":""},"class_list":["post-105","page","type-page","status-publish","hentry"],"_links":{"self":[{"href":"https:\/\/fltuwien.at\/en\/wp-json\/wp\/v2\/pages\/105","targetHints":{"allow":["GET"]}}],"collection":[{"href":"https:\/\/fltuwien.at\/en\/wp-json\/wp\/v2\/pages"}],"about":[{"href":"https:\/\/fltuwien.at\/en\/wp-json\/wp\/v2\/types\/page"}],"author":[{"embeddable":true,"href":"https:\/\/fltuwien.at\/en\/wp-json\/wp\/v2\/users\/1"}],"replies":[{"embeddable":true,"href":"https:\/\/fltuwien.at\/en\/wp-json\/wp\/v2\/comments?post=105"}],"version-history":[{"count":3,"href":"https:\/\/fltuwien.at\/en\/wp-json\/wp\/v2\/pages\/105\/revisions"}],"predecessor-version":[{"id":166,"href":"https:\/\/fltuwien.at\/en\/wp-json\/wp\/v2\/pages\/105\/revisions\/166"}],"wp:attachment":[{"href":"https:\/\/fltuwien.at\/en\/wp-json\/wp\/v2\/media?parent=105"}],"curies":[{"name":"wp","href":"https:\/\/api.w.org\/{rel}","templated":true}]}}