{"id":132,"date":"2026-02-20T16:48:51","date_gmt":"2026-02-20T15:48:51","guid":{"rendered":"https:\/\/fltuwienweb.floeweb.eu\/?page_id=132"},"modified":"2026-02-20T17:06:04","modified_gmt":"2026-02-20T16:06:04","slug":"feedback","status":"publish","type":"page","link":"https:\/\/fltuwien.at\/en\/feedback\/","title":{"rendered":"Feedback"},"content":{"rendered":"\n<p>Wir als FL wollen uns immer weiterentwickeln und aus unseren Fehlern lernen. Daher bitten wir um Feedback zu unserer Arbeit.<\/p>\n\n\n\n<p>Du kannst auf dieser Seite <strong>anonym<\/strong> Feedback zu unserer Arbeit hinterlassen. Wir besprechen jedes Feedback intern bei unserem FL-Treffen. Falls du das nicht m\u00f6chtest, kannst du dies einfach im Formular vermerken.<\/p>\n\n\n\n<p><strong>Du w\u00fcnschst dir eine R\u00fcckmeldung?<\/strong> Wenn du uns deine E-Mail-Adresse nennst, versprechen wir dir eine Antwort innerhalb von zwei Wochen!<\/p>\n\n\n\n<div style=\"height:var(--wp--preset--spacing--40)\" aria-hidden=\"true\" class=\"wp-block-spacer\"><\/div>\n\n\n\n<h2 class=\"wp-block-heading\">Feedbackformular<\/h2>\n\n\n<div class='fluentform ff-default fluentform_wrapper_3  ff_guten_block ff_guten_block-3 ffs_default_wrap'><form data-form_id=\"3\" id=\"fluentform_3\" class=\"frm-fluent-form fluent_form_3 ff-el-form-top ff_form_instance_3_1 ff-form-loading ffs_default\" data-form_instance=\"ff_form_instance_3_1\" method=\"POST\" ><fieldset  style=\"border: none!important;margin: 0!important;padding: 0!important;background-color: transparent!important;box-shadow: none!important;outline: none!important; min-inline-size: 100%;\">\n                    <legend class=\"ff_screen_reader_title\" style=\"display: block; margin: 0!important;padding: 0!important;height: 0!important;text-indent: -999999px;width: 0!important;overflow:hidden;\">Feedbackformular<\/legend>        <div\n                style=\"display: none!important; position: absolute!important; transform: translateX(1000%)!important;\"\n                class=\"ff-el-group ff-hpsf-container\"\n        >\n            <div class=\"ff-el-input--label asterisk-right\">\n                <label for=\"ff_3_item_sf\" aria-label=\"Newsletter\">\n                    Newsletter                <\/label>\n            <\/div>\n            <div class=\"ff-el-input--content\">\n                <input type=\"text\"\n                       name=\"item_3__fluent_sf\"\n                       class=\"ff-el-form-control\"\n                       id=\"ff_3_item_sf\"\n                \/>\n            <\/div>\n        <\/div>\n                <input type=\"hidden\" id=\"__fluent_protection_token_3\" class=\"fluent-form-token-field\" name=\"__fluent_protection_token_3\">\n        <input type='hidden' name='__fluent_form_embded_post_id' value='132' \/><input type=\"hidden\" id=\"_fluentform_3_fluentformnonce\" name=\"_fluentform_3_fluentformnonce\" value=\"03e473a5b2\" \/><input type=\"hidden\" name=\"_wp_http_referer\" value=\"\/en\/wp-json\/wp\/v2\/pages\/132\" \/><div data-name=\"ff_cn_id_1\"  class='ff-t-container ff-column-container ff_columns_total_2 '><div class='ff-t-cell ff-t-column-1' style='flex-basis: 50%;'><div class='ff-el-group'><div class=\"ff-el-input--label asterisk-right\"><label for='ff_3_input_text' id='label_ff_3_input_text' aria-label=\"Name\">Name<\/label><\/div><div class='ff-el-input--content'><input type=\"text\" name=\"input_text\" class=\"ff-el-form-control\" placeholder=\"Optional\" data-name=\"input_text\" id=\"ff_3_input_text\"  aria-invalid=\"false\" aria-required=false><\/div><\/div><\/div><div class='ff-t-cell ff-t-column-2' style='flex-basis: 50%;'><div class='ff-el-group'><div class=\"ff-el-input--label asterisk-right\"><label for='ff_3_input_text_1' id='label_ff_3_input_text_1' aria-label=\"Studienrichtung\">Studienrichtung<\/label><\/div><div class='ff-el-input--content'><input type=\"text\" name=\"input_text_1\" class=\"ff-el-form-control\" placeholder=\"Optional\" data-name=\"input_text_1\" id=\"ff_3_input_text_1\"  aria-invalid=\"false\" aria-required=false><\/div><\/div><\/div><\/div><div class='ff-el-group  ff_list_2col'><div class=\"ff-el-input--label asterisk-right\"><label   aria-label=\"Betrifft\">Betrifft<\/label><\/div><div class='ff-el-input--content'><div class='ff-el-form-check ff-el-form-check-'><label class='ff-el-form-check-label' for='checkbox_1_3c3b3bd3d260bb9e5eb48edbdab4f276'><input  type=\"checkbox\" name=\"checkbox_1[]\" data-name=\"checkbox_1\" class=\"ff-el-form-check-input ff-el-form-check-checkbox\" value=\"Vorsitzteam\"  id='checkbox_1_3c3b3bd3d260bb9e5eb48edbdab4f276' aria-label='Vorsitzteam' aria-invalid='false' aria-required=false> <span>Vorsitzteam<\/span><\/label><\/div><div class='ff-el-form-check ff-el-form-check-'><label class='ff-el-form-check-label' for='checkbox_1_32184ffb13cc0f0d58fb1119c58c8bc6'><input  type=\"checkbox\" name=\"checkbox_1[]\" data-name=\"checkbox_1\" class=\"ff-el-form-check-input ff-el-form-check-checkbox\" value=\"FsRef Pr\u00e4sidium\"  id='checkbox_1_32184ffb13cc0f0d58fb1119c58c8bc6' aria-label='FsRef Pr\u00e4sidium' aria-invalid='false' aria-required=false> <span>FsRef Pr\u00e4sidium<\/span><\/label><\/div><div class='ff-el-form-check ff-el-form-check-'><label class='ff-el-form-check-label' for='checkbox_1_5b3099033c2279824dd04f32c3d5e1c9'><input  type=\"checkbox\" name=\"checkbox_1[]\" data-name=\"checkbox_1\" class=\"ff-el-form-check-input ff-el-form-check-checkbox\" value=\"Social Media \/ Website\"  id='checkbox_1_5b3099033c2279824dd04f32c3d5e1c9' aria-label='Social Media \/ Website' aria-invalid='false' aria-required=false> <span>Social Media \/ Website<\/span><\/label><\/div><div class='ff-el-form-check ff-el-form-check-'><label class='ff-el-form-check-label' for='checkbox_1_eb0af7f32ef973ffcabfee60faa038b4'><input  type=\"checkbox\" name=\"checkbox_1[]\" data-name=\"checkbox_1\" class=\"ff-el-form-check-input ff-el-form-check-checkbox\" value=\"Fachschaftsliste Allgemein\"  id='checkbox_1_eb0af7f32ef973ffcabfee60faa038b4' aria-label='Fachschaftsliste Allgemein' aria-invalid='false' aria-required=false> <span>Fachschaftsliste Allgemein<\/span><\/label><\/div><\/div><\/div><div class='ff-el-group'><div class=\"ff-el-input--label ff-el-is-required asterisk-right\"><label for='ff_3_description' id='label_ff_3_description' aria-label=\"Nachricht\">Nachricht<\/label><\/div><div class='ff-el-input--content'><textarea aria-required=\"true\" aria-labelledby=\"label_ff_3_description\" name=\"description\" id=\"ff_3_description\" class=\"ff-el-form-control\" rows=\"12\" cols=\"2\" data-name=\"description\" ><\/textarea><\/div><\/div><div class='ff-el-group ff-el-form-hide_label'><div class=\"ff-el-input--label asterisk-right\"><label   aria-label=\"Checkbox R\u00fcckmeldung\">Checkbox R\u00fcckmeldung<\/label><\/div><div class='ff-el-input--content'><div class='ff-el-form-check ff-el-form-check-'><label class='ff-el-form-check-label' for='checkbox_0184a824a6b6759bf4518bf4f7dff6eb'><input  type=\"checkbox\" name=\"checkbox[]\" data-name=\"checkbox\" class=\"ff-el-form-check-input ff-el-form-check-checkbox\" value=\"Ich m\u00f6chte R\u00fcckmeldung zu meinem Feedback an meine Email-Adresse bekommen\"  id='checkbox_0184a824a6b6759bf4518bf4f7dff6eb' aria-label='Ich m\u00f6chte R\u00fcckmeldung zu meinem Feedback an meine Email-Adresse bekommen' aria-invalid='false' aria-required=false> <span>Ich m\u00f6chte R\u00fcckmeldung zu meinem Feedback an meine Email-Adresse bekommen<\/span><\/label><\/div><\/div><\/div><div class='ff-el-group has-conditions'><div class=\"ff-el-input--label ff-el-is-required asterisk-right\"><label for='ff_3_email' id='label_ff_3_email' aria-label=\"Email\">Email<\/label><\/div><div class='ff-el-input--content'><input type=\"email\" name=\"email\" id=\"ff_3_email\" class=\"ff-el-form-control\" data-name=\"email\"  aria-invalid=\"false\" aria-required=true><\/div><\/div><div class='ff-el-group ff-el-form-hide_label'><div class=\"ff-el-input--label asterisk-right\"><label   aria-label=\"Checkbox Treffen Opt-Out\">Checkbox Treffen Opt-Out<\/label><\/div><div class='ff-el-input--content'><div class='ff-el-form-check ff-el-form-check-'><label class='ff-el-form-check-label' for='checkbox_2_0658e565f67642c3e6a2d3da6a6ba573'><input  type=\"checkbox\" name=\"checkbox_2[]\" data-name=\"checkbox_2\" class=\"ff-el-form-check-input ff-el-form-check-checkbox\" value=\"Ich m\u00f6chte, dass mein Feedback NICHT auf einem FL-Treffen mit der ganzen Gruppe besprochen wird\"  id='checkbox_2_0658e565f67642c3e6a2d3da6a6ba573' aria-label='Ich m\u00f6chte, dass mein Feedback NICHT auf einem FL-Treffen mit der ganzen Gruppe besprochen wird' aria-invalid='false' aria-required=false> <span>Ich m\u00f6chte, dass mein Feedback NICHT auf einem FL-Treffen mit der ganzen Gruppe besprochen wird<\/span><\/label><\/div><\/div><\/div><div class='ff-el-group ff-text-left ff_submit_btn_wrapper'><button type=\"submit\" class=\"ff-btn ff-btn-submit ff-btn-md ff_btn_style\"  aria-label=\"Abschicken\">Abschicken<\/button><\/div><\/fieldset><\/form><div id='fluentform_3_errors' class='ff-errors-in-stack ff_form_instance_3_1 ff-form-loading_errors ff_form_instance_3_1_errors'><\/div><\/div>            <script type=\"text\/javascript\">\n                window.fluent_form_ff_form_instance_3_1 = {\"id\":\"3\",\"settings\":{\"layout\":{\"labelPlacement\":\"top\",\"asteriskPlacement\":\"asterisk-right\",\"helpMessagePlacement\":\"with_label\",\"errorMessagePlacement\":\"inline\",\"cssClassName\":\"\"},\"restrictions\":{\"denyEmptySubmission\":{\"enabled\":false}}},\"form_instance\":\"ff_form_instance_3_1\",\"form_id_selector\":\"fluentform_3\",\"rules\":{\"input_text\":{\"required\":{\"value\":false,\"message\":\"This field is required\",\"global_message\":\"This field is required\",\"global\":true}},\"input_text_1\":{\"required\":{\"value\":false,\"message\":\"This field is required\",\"global_message\":\"This field is required\",\"global\":true}},\"checkbox_1\":{\"required\":{\"value\":false,\"message\":\"This field is required\",\"global_message\":\"This field is required\",\"global\":true}},\"description\":{\"required\":{\"value\":true,\"message\":\"This field is required\",\"global_message\":\"This field is required\",\"global\":true}},\"checkbox\":{\"required\":{\"value\":false,\"message\":\"This field is required\",\"global_message\":\"This field is required\",\"global\":true}},\"email\":{\"required\":{\"value\":true,\"message\":\"This field is required\",\"global_message\":\"This field is required\",\"global\":true},\"email\":{\"value\":true,\"message\":\"This field must contain a valid email\",\"global_message\":\"This field must contain a valid email\",\"global\":true}},\"checkbox_2\":{\"required\":{\"value\":false,\"message\":\"This field is required\",\"global_message\":\"This field is required\",\"global\":true}}},\"debounce_time\":300,\"conditionals\":{\"email\":{\"type\":\"any\",\"status\":true,\"conditions\":[{\"field\":\"checkbox\",\"value\":\"Ich m\\u00f6chte R\\u00fcckmeldung zu meinem Feedback an meine Email-Adresse bekommen\",\"operator\":\"=\"}],\"condition_groups\":[{\"rules\":[{\"field\":\"\",\"value\":\"\",\"operator\":\"\"}],\"title\":\"\",\"isEditingTitle\":false,\"isPreviewOpen\":false,\"isGroupOpen\":true}]}}};\n                            <\/script>\n            ","protected":false},"excerpt":{"rendered":"<p>Wir als FL wollen uns immer weiterentwickeln und aus unseren Fehlern lernen. Daher bitten wir um Feedback zu unserer Arbeit. Du kannst auf dieser Seite anonym Feedback zu unserer Arbeit hinterlassen. Wir besprechen jedes Feedback intern bei unserem FL-Treffen. Falls du das nicht m\u00f6chtest, kannst du dies einfach im Formular vermerken. Du w\u00fcnschst dir eine [&hellip;]<\/p>\n","protected":false},"author":1,"featured_media":0,"parent":0,"menu_order":1,"comment_status":"closed","ping_status":"closed","template":"","meta":{"iawp_total_views":20,"footnotes":""},"class_list":["post-132","page","type-page","status-publish","hentry"],"_links":{"self":[{"href":"https:\/\/fltuwien.at\/en\/wp-json\/wp\/v2\/pages\/132","targetHints":{"allow":["GET"]}}],"collection":[{"href":"https:\/\/fltuwien.at\/en\/wp-json\/wp\/v2\/pages"}],"about":[{"href":"https:\/\/fltuwien.at\/en\/wp-json\/wp\/v2\/types\/page"}],"author":[{"embeddable":true,"href":"https:\/\/fltuwien.at\/en\/wp-json\/wp\/v2\/users\/1"}],"replies":[{"embeddable":true,"href":"https:\/\/fltuwien.at\/en\/wp-json\/wp\/v2\/comments?post=132"}],"version-history":[{"count":9,"href":"https:\/\/fltuwien.at\/en\/wp-json\/wp\/v2\/pages\/132\/revisions"}],"predecessor-version":[{"id":143,"href":"https:\/\/fltuwien.at\/en\/wp-json\/wp\/v2\/pages\/132\/revisions\/143"}],"wp:attachment":[{"href":"https:\/\/fltuwien.at\/en\/wp-json\/wp\/v2\/media?parent=132"}],"curies":[{"name":"wp","href":"https:\/\/api.w.org\/{rel}","templated":true}]}}