{"id":158,"date":"2026-02-23T14:45:17","date_gmt":"2026-02-23T13:45:17","guid":{"rendered":"https:\/\/test.fltuwien.at\/?page_id=158"},"modified":"2026-02-23T14:46:22","modified_gmt":"2026-02-23T13:46:22","slug":"die-liste-2023","status":"publish","type":"page","link":"https:\/\/fltuwien.at\/en\/die-liste-2023\/","title":{"rendered":"The List 2023"},"content":{"rendered":"<p>The following persons were elected for the FACHSCHAFTSLISTE to the University Council (UV) in the period 2023-2025.<\/p>\n\n\n\n<ol start=\"1\" class=\"wp-block-list\">\n<li><strong>Paul Koo<\/strong> (Raumplanung)<\/li>\n\n\n\n<li><strong>Annegret Sch\u00f6n<\/strong> (Elektrotechnik)<\/li>\n\n\n\n<li><strong>Josef Fraczek<\/strong> (Technische Physik)<\/li>\n\n\n\n<li><strong>Luca Eichler<\/strong> (Informatik)<\/li>\n\n\n\n<li><strong>Cassandra Rosa Schober<\/strong> (Verfahrenstechnik)<\/li>\n\n\n\n<li><strong>Godwin Biziyaremye<\/strong> (Technische Mathematik)<\/li>\n\n\n\n<li><strong>Pia-Marie Graves<\/strong> (Technische Physik)<\/li>\n\n\n\n<li><strong>Nathan Runggaldier<\/strong> (Elektrotechnik)<\/li>\n\n\n\n<li><strong>Elise Scheiber<\/strong> (Technische Chemie)<\/li>\n\n\n\n<li><strong>Sofia Futterknecht<\/strong> (Wirtschaftsinformatik)<\/li>\n\n\n\n<li><strong>David Mooslechner<\/strong> (Technische Chemie)<\/li>\n\n\n\n<li><strong>Otto Felix Winter<\/strong> (Informatik)<\/li>\n<\/ol>\n\n\n\n<p>The following persons also stood for the FACHSCHAFTSLISTE in the election 2023:<\/p>\n\n\n\n<ul class=\"wp-block-list\">\n<li><strong>Timo Herzog<\/strong> (Elektrotechnik)<\/li>\n\n\n\n<li><strong>Jakob Rund<\/strong> (Bauingenieurwesen)<\/li>\n\n\n\n<li><strong>Alexander Stiedl<\/strong> (Elektrotechnik)<\/li>\n\n\n\n<li><strong>Lukas Wurth<\/strong> (Verfahrenstechnik)<\/li>\n\n\n\n<li><strong>Georg Gahleitner<\/strong> (Elektrotechnik)<\/li>\n\n\n\n<li><strong>Matic Puhar<\/strong> (Informatik)<\/li>\n\n\n\n<li><strong>Kurdo-Jaroslav Asinger<\/strong> (Informatik)<\/li>\n\n\n\n<li><strong>Katharina Kralicek<\/strong> (Elektrotechnik)<\/li>\n\n\n\n<li><strong>Katharina Sch\u00e4fer<\/strong> (Technische Physik)<\/li>\n\n\n\n<li><strong>Maya Scheiber<\/strong> (Umweltingenieurwesen)<\/li>\n\n\n\n<li><strong>Mehmet Koyun<\/strong> (Technische Physik)<\/li>\n\n\n\n<li><strong>Martin Anker<\/strong> (Informatik)<\/li>\n\n\n\n<li><strong>Michael Sams<\/strong> (Elektrotechnik)<\/li>\n\n\n\n<li><strong>Nicolas Ferreira Rambo<\/strong> (Elektrotechnik)<\/li>\n\n\n\n<li><strong>Robert Tamas<\/strong> (Elektrotechnik)<\/li>\n\n\n\n<li><strong>Simon Los<\/strong> (Technische Mathematik)<\/li>\n\n\n\n<li><strong>Moritz Schneider<\/strong> (Technische Mathematik)<\/li>\n\n\n\n<li><strong>Ahmed Lashin<\/strong> (Technische Chemie)<\/li>\n\n\n\n<li><strong>Boryana Badinska<\/strong> (Technische Chemie)<\/li>\n<\/ul>\n\n\n\n<p>In addition to this list, the FACHSCHAFTSLISTE consists of many more people. Especially in the Fachschaften there are many more people who actively support us.<\/p>","protected":false},"excerpt":{"rendered":"<p>Die folgenden Personen waren in der Periode 2023-2025 f\u00fcr die FACHSCHAFTSLISTE als Mandatar:innen in der Universit\u00e4tsvertretung t\u00e4tig. Die folgenden Personen haben sich zus\u00e4tzlich bei der \u00d6H Wahl 2023 f\u00fcr die FACHSCHAFTSLISTE aufgestellt: Die FACHSCHAFTSLISTE besteht neben dieser Liste aus wesentlich mehr Personen. Vorallem in den Fachschaften gibt es noch viele weitere Sch\u00e4fchen die uns tatkr\u00e4ftig [&hellip;]<\/p>\n","protected":false},"author":1,"featured_media":0,"parent":0,"menu_order":3,"comment_status":"closed","ping_status":"closed","template":"","meta":{"iawp_total_views":14,"footnotes":""},"class_list":["post-158","page","type-page","status-publish","hentry"],"_links":{"self":[{"href":"https:\/\/fltuwien.at\/en\/wp-json\/wp\/v2\/pages\/158","targetHints":{"allow":["GET"]}}],"collection":[{"href":"https:\/\/fltuwien.at\/en\/wp-json\/wp\/v2\/pages"}],"about":[{"href":"https:\/\/fltuwien.at\/en\/wp-json\/wp\/v2\/types\/page"}],"author":[{"embeddable":true,"href":"https:\/\/fltuwien.at\/en\/wp-json\/wp\/v2\/users\/1"}],"replies":[{"embeddable":true,"href":"https:\/\/fltuwien.at\/en\/wp-json\/wp\/v2\/comments?post=158"}],"version-history":[{"count":2,"href":"https:\/\/fltuwien.at\/en\/wp-json\/wp\/v2\/pages\/158\/revisions"}],"predecessor-version":[{"id":161,"href":"https:\/\/fltuwien.at\/en\/wp-json\/wp\/v2\/pages\/158\/revisions\/161"}],"wp:attachment":[{"href":"https:\/\/fltuwien.at\/en\/wp-json\/wp\/v2\/media?parent=158"}],"curies":[{"name":"wp","href":"https:\/\/api.w.org\/{rel}","templated":true}]}}