{"id":160,"date":"2026-02-23T14:46:27","date_gmt":"2026-02-23T13:46:27","guid":{"rendered":"https:\/\/test.fltuwien.at\/?page_id=160"},"modified":"2026-02-23T14:46:27","modified_gmt":"2026-02-23T13:46:27","slug":"die-liste-2021","status":"publish","type":"page","link":"https:\/\/fltuwien.at\/en\/die-liste-2021\/","title":{"rendered":"The List 2021"},"content":{"rendered":"<p>The following persons were elected for the FACHSCHAFTSLISTE to the University Council (UV) in the period 2021-2023.<\/p>\n\n\n\n<ol start=\"1\" class=\"wp-block-list\">\n<li><strong>Simon Los<\/strong> (Technische Mathematik)<\/li>\n\n\n\n<li><strong>Ivana Zlatunic<\/strong> (Wirtschaftsinformatik)<\/li>\n\n\n\n<li><strong>Michael Scheicher<\/strong> (Elektrotechnik)<\/li>\n\n\n\n<li><strong>Ronja Lenger<\/strong> (Technische Physik)<\/li>\n\n\n\n<li><strong>Luca Eichler<\/strong> (Informatik)<\/li>\n\n\n\n<li><strong>Katharina Kralicek<\/strong> (Elektrotechnik)<\/li>\n\n\n\n<li><strong>Josef Bantel<\/strong> (Maschinenbau)<\/li>\n\n\n\n<li><strong>Maximilian Neumann<\/strong> (Bau- und Umweltingenieurwesen)<\/li>\n\n\n\n<li><strong>Ahmed Lashin<\/strong> (Technische Chemie)<\/li>\n\n\n\n<li><strong>Markus Moser<\/strong> (Technische Physik)<\/li>\n\n\n\n<li><strong>Lukas Wurth<\/strong> (Verfahrenstechnik)<\/li>\n<\/ol>\n\n\n\n<p>The following persons also stood for the FACHSCHAFTSLISTE in the election 2021:<\/p>\n\n\n\n<ul class=\"wp-block-list\">\n<li><strong>Jakob Willau<\/strong> (Technische Mathematik)<\/li>\n\n\n\n<li><strong>Johanna Humer<\/strong> (Bau- und Umweltingenieurwesen)<\/li>\n\n\n\n<li><strong>Philipp Geisler<\/strong> (Informatik)<\/li>\n\n\n\n<li><strong>Katharina Sch\u00e4fer<\/strong> (Technische Physik)<\/li>\n\n\n\n<li><strong>Alexander Stiedl<\/strong> (Elektrotechnik)<\/li>\n\n\n\n<li><strong>Yizhou Cui<\/strong> (Informatik)<\/li>\n\n\n\n<li><strong>Gabriele Urban<\/strong> (Technische Chemie)<\/li>\n\n\n\n<li><strong>Stefanie North<\/strong> (Technische Physik)<\/li>\n\n\n\n<li><strong>Johannes Steinbach<\/strong> (Doktorat)<\/li>\n\n\n\n<li><strong>Doris Havlik<\/strong> (Bau- und Umweltingenieurwesen)<\/li>\n\n\n\n<li><strong>Lisa Korner<\/strong> (Biomedical Engineering)<\/li>\n\n\n\n<li><strong>Tanja Steger<\/strong> (Technische Chemie)<\/li>\n\n\n\n<li><strong>Ramon Rigal<\/strong> (Technische Physik)<\/li>\n\n\n\n<li><strong>Peter Traunm\u00fcller<\/strong> (Elektrotechnik)<\/li>\n\n\n\n<li><strong>Manpreet Singh<\/strong> (Wirtschaftsinformatik)<\/li>\n\n\n\n<li><strong>Barbara Leckel<\/strong> (Technische Mathematik)<\/li>\n\n\n\n<li><strong>Florian Knapp<\/strong> (Technische Physik)<\/li>\n\n\n\n<li><strong>Richard Vlad<\/strong> (Technische Mathematik)<\/li>\n\n\n\n<li><strong>Christian Eder<\/strong> (Elektrotechnik)<\/li>\n\n\n\n<li><strong>Felix Schlemmer<\/strong> (Technische Physik)<\/li>\n\n\n\n<li><strong>Hubert Hackl<\/strong> (Technische Mathematik)<\/li>\n\n\n\n<li><strong>Thomas Kolb<\/strong> (Wirtschaftsinformatik)<\/li>\n\n\n\n<li><strong>Thomas Traxler<\/strong> (Technische Physik)<\/li>\n\n\n\n<li><strong>Markus Lagler<\/strong> (Bau- und Umweltingenieurwesen)<\/li>\n\n\n\n<li><strong>Elisabeth Melaku<\/strong> (Technische Physik)<\/li>\n\n\n\n<li><strong>Boryana Badinska<\/strong> (Technische Chemie)<\/li>\n\n\n\n<li><strong>Christoph Kronberger<\/strong> (Technische Physik)<\/li>\n<\/ul>\n\n\n\n<p>In addition to this list, the FACHSCHAFTSLISTE consists of many more people. Especially in the Fachschaften there are many more people who actively support us.<\/p>","protected":false},"excerpt":{"rendered":"<p>Die folgenden Personen waren in der Periode 2021-2023 f\u00fcr die FACHSCHAFTSLISTE als Mandatar:innen in der Universit\u00e4tsvertretung t\u00e4tig. Die folgenden Personen haben sich zus\u00e4tzlich bei der \u00d6H Wahl 2021 f\u00fcr die FACHSCHAFTSLISTE aufgestellt: Die FACHSCHAFTSLISTE besteht neben dieser Liste aus wesentlich mehr Personen. Vorallem in den Fachschaften gibt es noch viele weitere Sch\u00e4fchen die uns tatkr\u00e4ftig [&hellip;]<\/p>\n","protected":false},"author":1,"featured_media":0,"parent":0,"menu_order":4,"comment_status":"closed","ping_status":"closed","template":"","meta":{"iawp_total_views":12,"footnotes":""},"class_list":["post-160","page","type-page","status-publish","hentry"],"_links":{"self":[{"href":"https:\/\/fltuwien.at\/en\/wp-json\/wp\/v2\/pages\/160","targetHints":{"allow":["GET"]}}],"collection":[{"href":"https:\/\/fltuwien.at\/en\/wp-json\/wp\/v2\/pages"}],"about":[{"href":"https:\/\/fltuwien.at\/en\/wp-json\/wp\/v2\/types\/page"}],"author":[{"embeddable":true,"href":"https:\/\/fltuwien.at\/en\/wp-json\/wp\/v2\/users\/1"}],"replies":[{"embeddable":true,"href":"https:\/\/fltuwien.at\/en\/wp-json\/wp\/v2\/comments?post=160"}],"version-history":[{"count":1,"href":"https:\/\/fltuwien.at\/en\/wp-json\/wp\/v2\/pages\/160\/revisions"}],"predecessor-version":[{"id":162,"href":"https:\/\/fltuwien.at\/en\/wp-json\/wp\/v2\/pages\/160\/revisions\/162"}],"wp:attachment":[{"href":"https:\/\/fltuwien.at\/en\/wp-json\/wp\/v2\/media?parent=160"}],"curies":[{"name":"wp","href":"https:\/\/api.w.org\/{rel}","templated":true}]}}