{"id":68,"date":"2026-02-20T14:15:50","date_gmt":"2026-02-20T14:15:50","guid":{"rendered":"https:\/\/fltuwienweb.floeweb.eu\/?page_id=68"},"modified":"2026-02-23T14:49:24","modified_gmt":"2026-02-23T13:49:24","slug":"die-liste-2025","status":"publish","type":"page","link":"https:\/\/fltuwien.at\/en\/die-liste-2025\/","title":{"rendered":"The List 2025"},"content":{"rendered":"<p>The following persons were elected for the FACHSCHAFTSLISTE to the University Council (UV) in the period 2025-2027.<\/p>\n\n\n\n<p>They commit to vote at the meetings of the University Council (UV) within the framework of our <a href=\"https:\/\/fltuwien.at\/en\/grundsaetze\/\">Principles<\/a> and on the basis of the <a href=\"https:\/\/fltuwien.at\/en\/fsref\/\">Fachschaften- and Referatetreffen<\/a> .<\/p>\n\n\n\n<ol class=\"wp-block-list\">\n<li><strong>Astrid Albrecht-Kramreiter<\/strong> (Technische Physik)<\/li>\n\n\n\n<li><strong>Timo Herzog<\/strong> (Elektrotechnik)<\/li>\n\n\n\n<li><strong>Lea Erath<\/strong> (Umweltingenieurwesen)<\/li>\n\n\n\n<li><strong>Mehmet Koyun<\/strong> (Technische Physik)<\/li>\n\n\n\n<li><strong>Marvin Kleinlehner<\/strong> (Informatik)<\/li>\n\n\n\n<li><strong>Hanna Maier<\/strong> (Technische Mathematik)<\/li>\n\n\n\n<li><strong>Lukas Wurth<\/strong> (Verfahrenstechnik)<\/li>\n\n\n\n<li><strong>Botond Mezgar<\/strong> (Maschinenbau)<\/li>\n\n\n\n<li><strong>Martin Anker<\/strong> (Wirtschaftsinformatik)<\/li>\n\n\n\n<li><strong>Valentin Schwinghammer<\/strong> (Technische Chemie)<\/li>\n\n\n\n<li><strong>Luca Eichler<\/strong> (Informatik)<\/li>\n<\/ol>\n\n\n\n<p>The following persons also stood for the FACHSCHAFTSLISTE in the last election:<\/p>\n\n\n\n<ul class=\"wp-block-list\">\n<li><strong>Paul Mairinger<\/strong> (Elektrotechnik)<\/li>\n\n\n\n<li><strong>Lukas Zrout<\/strong> (Elektrotechnik)<\/li>\n\n\n\n<li><strong>Godwin Biziyaremye<\/strong> (Technische Mathematik)<\/li>\n\n\n\n<li><strong>Benedikt Uhlig<\/strong> (Umweltingenieurwesen)<\/li>\n\n\n\n<li><strong>Annegret Sch\u00f6n<\/strong> (Elektrotechnik)<\/li>\n\n\n\n<li><strong>David Mooslechner<\/strong> (Technische Chemie)<\/li>\n\n\n\n<li><strong>Georg Leutengeweger<\/strong> (Elektrotechnik)<\/li>\n\n\n\n<li><strong>Laura Schallmoser<\/strong> (Verfahrenstechnik)<\/li>\n\n\n\n<li><strong>Matthias Reichkendler<\/strong> (Technische Physik)<\/li>\n\n\n\n<li><strong>Michael Kainz<\/strong> (Elektrotechnik)<\/li>\n\n\n\n<li><strong>Lukas Egger<\/strong> (Maschinenbau)<\/li>\n\n\n\n<li><strong>Andor Orban<\/strong> (Wirtschaftsinformatik)<\/li>\n\n\n\n<li><strong>Georg Gahleitner<\/strong> (Elektrotechnik)<\/li>\n\n\n\n<li><strong>David Gerhard<\/strong> (Maschinenbau)<\/li>\n\n\n\n<li><strong>Paul Koo<\/strong> (Raumplanung)<\/li>\n\n\n\n<li><strong>Maya Scheiber<\/strong> (Umweltingenieurwesen)<\/li>\n\n\n\n<li><strong>Pia Graves<\/strong> (Technische Physik)<\/li>\n\n\n\n<li><strong>Lena Ciperle<\/strong> (Geod\u00e4sie)<\/li>\n\n\n\n<li><strong>Thomas Petz<\/strong> (Technische Physik)<\/li>\n\n\n\n<li><strong>Paul Braunwieser<\/strong> (Architektur)<\/li>\n\n\n\n<li><strong>Elise Scheiber<\/strong> (Technische Chemie)<\/li>\n\n\n\n<li><strong>Nathan Runggaldier<\/strong> (Elektrotechnik)<\/li>\n\n\n\n<li><strong>David Pallinger<\/strong> (Technische Physik)<\/li>\n\n\n\n<li><strong>Markus Lagler<\/strong> (Bauingenieurwesen)<\/li>\n\n\n\n<li><strong>Fiona Layes<\/strong> (Elektrotechnik)<\/li>\n\n\n\n<li><strong>Joelle Geisinger<\/strong> (Wirtschaftsinformatik)<\/li>\n\n\n\n<li><strong>Alexander Stiedl<\/strong> (Elektrotechnik)<\/li>\n<\/ul>\n\n\n\n<p>Past elections: <a href=\"https:\/\/fltuwien.at\/en\/die-liste-2023\/\">2023<\/a> <a href=\"https:\/\/fltuwien.at\/en\/die-liste-2021\/\">2021<\/a><\/p>","protected":false},"excerpt":{"rendered":"<p>Die folgenden Personen sind in der Periode 2025-2027 f\u00fcr die FACHSCHAFTSLISTE als Mandatar:innen in der Universit\u00e4tsvertretung t\u00e4tig. Sie verpflichten sich, bei den Sitzungen der Universit\u00e4tsvertretung im Rahmen unserer Grunds\u00e4tze und auf Basis des Fachschaften- und Referatetreffens abzustimmen. Die folgenden Personen haben sich zus\u00e4tzlich bei der letzten Wahl f\u00fcr die FACHSCHAFTSLISTE aufgestellt: Vergangene Wahlen: 2023 2021<\/p>","protected":false},"author":1,"featured_media":0,"parent":0,"menu_order":0,"comment_status":"closed","ping_status":"closed","template":"","meta":{"iawp_total_views":75,"footnotes":""},"class_list":["post-68","page","type-page","status-publish","hentry"],"_links":{"self":[{"href":"https:\/\/fltuwien.at\/en\/wp-json\/wp\/v2\/pages\/68","targetHints":{"allow":["GET"]}}],"collection":[{"href":"https:\/\/fltuwien.at\/en\/wp-json\/wp\/v2\/pages"}],"about":[{"href":"https:\/\/fltuwien.at\/en\/wp-json\/wp\/v2\/types\/page"}],"author":[{"embeddable":true,"href":"https:\/\/fltuwien.at\/en\/wp-json\/wp\/v2\/users\/1"}],"replies":[{"embeddable":true,"href":"https:\/\/fltuwien.at\/en\/wp-json\/wp\/v2\/comments?post=68"}],"version-history":[{"count":2,"href":"https:\/\/fltuwien.at\/en\/wp-json\/wp\/v2\/pages\/68\/revisions"}],"predecessor-version":[{"id":163,"href":"https:\/\/fltuwien.at\/en\/wp-json\/wp\/v2\/pages\/68\/revisions\/163"}],"wp:attachment":[{"href":"https:\/\/fltuwien.at\/en\/wp-json\/wp\/v2\/media?parent=68"}],"curies":[{"name":"wp","href":"https:\/\/api.w.org\/{rel}","templated":true}]}}