{"id":89,"date":"2026-02-20T14:24:35","date_gmt":"2026-02-20T14:24:35","guid":{"rendered":"https:\/\/fltuwienweb.floeweb.eu\/?page_id=89"},"modified":"2026-02-23T14:51:40","modified_gmt":"2026-02-23T13:51:40","slug":"fsref","status":"publish","type":"page","link":"https:\/\/fltuwien.at\/en\/fsref\/","title":{"rendered":"Fachschaften- and Referatetreffen"},"content":{"rendered":"<p>The HTU University Council (UV) is the \u201cparliament\u201d of the students at TU Wien.<\/p>\n\n\n\n<p>But who do we think should have a say in the UV?<br><em><strong>Exactly you!<\/strong><\/em><br>And whose good ideas should be brought to the very top?<br><em><strong>Exactly yours!<\/strong><\/em><\/p>\n\n\n\n<p>The FACHSCHAFTSLISTE believes that all students at TU Wien should have a say: Your Fachschaft organizes regular meetings where you can contribute your ideas and, of course, have the right to vote.<\/p>\n\n\n\n<figure class=\"wp-block-image size-full\"><img loading=\"lazy\" decoding=\"async\" width=\"2192\" height=\"302\" src=\"https:\/\/fltuwien.at\/wp-content\/uploads\/2026\/02\/FSRef_en.svg\" alt=\"\" class=\"wp-image-90\"\/><\/figure>\n\n\n\n<p>Each Fachschaft then sends two people to the Fachschaften- und Referatetreffen (FsRef for short) organized by the FACHSCHAFTSLISTE, where all topics are introduced and democratically voted on among all Fachschaften and HTU departments.<\/p>\n\n\n\n<p>We at FACHSCHAFTSLISTE undertake to follow the decisions of the FsRef and to vote accordingly in the UV.<\/p>\n\n\n\n<p>In doing so, we pass on our decision-making power to those we want to represent, free of party-political calculations: <em><strong>you and all students of TU Wien.<\/strong><\/em><\/p>","protected":false},"excerpt":{"rendered":"<p>Die Universit\u00e4tsvertretung (UV) ist das \u201eParlament\u201d der Studierenden an der TU Wien. Aber wer sollte unserer Meinung nach in der UV mitentscheiden d\u00fcrfen?Genau du!Und wessen gute Ideen sollten bis ganz nach oben gebracht werden?Genau deine! Die FACHSCHAFTSLISTE steht daf\u00fcr, dass alle Studierenden der TU Wien mitbestimmen k\u00f6nnen: Deine Fachschaft richtet regelm\u00e4\u00dfige Treffen aus, in dem [&hellip;]<\/p>\n","protected":false},"author":1,"featured_media":0,"parent":0,"menu_order":0,"comment_status":"closed","ping_status":"closed","template":"","meta":{"iawp_total_views":57,"footnotes":""},"class_list":["post-89","page","type-page","status-publish","hentry"],"_links":{"self":[{"href":"https:\/\/fltuwien.at\/en\/wp-json\/wp\/v2\/pages\/89","targetHints":{"allow":["GET"]}}],"collection":[{"href":"https:\/\/fltuwien.at\/en\/wp-json\/wp\/v2\/pages"}],"about":[{"href":"https:\/\/fltuwien.at\/en\/wp-json\/wp\/v2\/types\/page"}],"author":[{"embeddable":true,"href":"https:\/\/fltuwien.at\/en\/wp-json\/wp\/v2\/users\/1"}],"replies":[{"embeddable":true,"href":"https:\/\/fltuwien.at\/en\/wp-json\/wp\/v2\/comments?post=89"}],"version-history":[{"count":1,"href":"https:\/\/fltuwien.at\/en\/wp-json\/wp\/v2\/pages\/89\/revisions"}],"predecessor-version":[{"id":91,"href":"https:\/\/fltuwien.at\/en\/wp-json\/wp\/v2\/pages\/89\/revisions\/91"}],"wp:attachment":[{"href":"https:\/\/fltuwien.at\/en\/wp-json\/wp\/v2\/media?parent=89"}],"curies":[{"name":"wp","href":"https:\/\/api.w.org\/{rel}","templated":true}]}}